{"id":349440,"date":"2015-07-31T11:35:33","date_gmt":"2015-07-31T15:35:33","guid":{"rendered":"https:\/\/smartcert.ca\/classic-home\/"},"modified":"2022-07-22T13:02:28","modified_gmt":"2022-07-22T17:02:28","slug":"bem-vindo","status":"publish","type":"page","link":"https:\/\/smartcert.ca\/pt-br\/","title":{"rendered":"Bem-vindo"},"content":{"rendered":"[vc_row row_type=&#8221;row&#8221; use_row_as_full_screen_section=&#8221;no&#8221; type=&#8221;grid&#8221; text_align=&#8221;left&#8221; background_image=&#8221;348821&#8243; padding_top=&#8221;104&#8243; box_shadow_on_row=&#8221;no&#8221;][vc_column][no_elements_holder number_of_columns=&#8221;one_column&#8221;][no_elements_holder_item item_padding=&#8221;0px 145px 0px 0px &#8221; aligment=&#8221;left&#8221; enable_hover_effect=&#8221;no&#8221; advanced_animations=&#8221;no&#8221; elemnts_holder_frame=&#8221;no&#8221;][vc_text_separator title=&#8221;Quem somos&#8221; title_size=&#8221;30&#8243; text_in_box=&#8221;no&#8221; text_position=&#8221;left&#8221; box_padding=&#8221;12&#8243; line_color=&#8221;#dadada&#8221; line_width=&#8221;43&#8243; animation=&#8221;default&#8221; line_thickness=&#8221;2&#8243; line_border_style=&#8221;solid&#8221; up=&#8221;8&#8243; down=&#8221;8&#8243; line_dots=&#8221;no&#8221; title_color=&#8221;#e5735c&#8221; box_margin=&#8221;0&#8243;]<div class=\"custom_font_holder\" style=\"font-family: Raleway; font-size: 40px; line-height: 50px; font-style: normal; font-weight: 800; color: #464646; text-decoration: none; letter-spacing: 0px;; padding: 0; margin: 0; text-transform: uppercase; text-align: left\" data-font-size=40 data-line-height=50 ><span class=\"typed\" data-loop=false data-speed=30 data-back_delay=1000   ><span>Desenvolvemos projetos<\/span><span>internacionalmente visando<\/span><span>o desenvolvimento sustent\u00e1vel<\/span><\/span><\/div>[vc_separator type=&#8221;transparent&#8221; up=&#8221;25&#8243; up_style=&#8221;px&#8221; down=&#8221;0&#8243; down_style=&#8221;px&#8221;][vc_column_text]Somos uma empresa de consultoria especializada em \u00e9tica e responsabilidade social corporativa. Nossos escrit\u00f3rios est\u00e3o baseados em Montreal e Ottawa no Canad\u00e1, e em Curitiba no Brasil. A empresa tamb\u00e9m conta com uma rede internacional de especialistas reconhecidos nas \u00e1reas de certifica\u00e7\u00e3o ambiental, legisla\u00e7\u00e3o relacionada ao uso sustent\u00e1vel de recursos e envolvimento com povos ind\u00edgenas e comunidades tradicionais.<\/p>\n<p>Nossos clientes s\u00e3o l\u00edderes em seu campo e confiam em n\u00f3s para manter ou melhorar seu desempenho social e ambiental ou seus relacionamentos com as comunidades, com o objetivo de obter vantagem competitiva atrav\u00e9s de sistemas de certifica\u00e7\u00e3o reconhecidos internacionalmente.<\/p>\n<p>Nossa equipe auxilia as empresas na concep\u00e7\u00e3o e implementa\u00e7\u00e3o de sistemas de gerenciamento para atender a mais de dez padr\u00f5es de certifica\u00e7\u00e3o internacionais, incluindo o Forest Stewardship Council\u00ae, as certifica\u00e7\u00f5es ISO, SAN e Veriflora.[\/vc_column_text][vc_separator type=&#8221;transparent&#8221; up=&#8221;37&#8243; up_style=&#8221;px&#8221; down=&#8221;0&#8243; down_style=&#8221;px&#8221;]<a href=\"https:\/\/smartcert.ca\/pt-br\/contact\/\" target=\"_self\" data-hover-animated-background-color=#dc5d42 data-hover-border-color=#ea8f7d  class=\"qbutton  qbutton_with_icon icon_right fill_text_rotate_icon animate_button\" style=\"color: #ffffff; border-color: #ea8f7d; margin: 0 14px 14px 0; background-color: #e5735c;\">\n\t\t<span class=\"text_holder\"><span class=\"a_overlay\" style=\"\"><\/span><span>+ Informa\u00e7\u00f5es<\/span><span style=\"\" class=\"hidden_text\">+ Informa\u00e7\u00f5es<\/span><\/span>\n\t\t<span class=\"icon_holder\" style=\"border-left-color: #ea8f7d; \"><span  style=\"color: #ffffff; \"><span aria-hidden=\"true\" class=\"eltd_icon_font_elegant icon_info button_icon\" style=\"\" ><\/span><\/span><span style=\"\" class=\"hidden_icon\"><span aria-hidden=\"true\" class=\"eltd_icon_font_elegant icon_info button_icon\" style=\"\" ><\/span><\/span><\/span><\/a><a href=\"https:\/\/smartcert.ca\/pt-br\/contact\/\" target=\"_self\"  class=\"qbutton  transparent qbutton_with_icon icon_right fill_text_rotate_icon animate_button\" style=\"margin: 0 14px 14px 0; \">\n\t\t<span class=\"text_holder\"><span class=\"a_overlay\" style=\"\"><\/span><span>Contato<\/span><span style=\"\" class=\"hidden_text\">Contato<\/span><\/span>\n\t\t<span class=\"icon_holder\" style=\"\"><span  style=\"\"><span aria-hidden=\"true\" class=\"eltd_icon_font_elegant icon_comment button_icon\" style=\"width: inherit; \" ><\/span><\/span><span style=\"\" class=\"hidden_icon\"><span aria-hidden=\"true\" class=\"eltd_icon_font_elegant icon_comment button_icon\" style=\"width: inherit; \" ><\/span><\/span><\/span><\/a>[vc_separator type=&#8221;transparent&#8221; up=&#8221;100&#8243; up_style=&#8221;px&#8221; down=&#8221;0&#8243; down_style=&#8221;px&#8221;][\/no_elements_holder_item][\/no_elements_holder][\/vc_column][\/vc_row][vc_row row_type=&#8221;row&#8221; use_row_as_full_screen_section=&#8221;no&#8221; type=&#8221;full_width&#8221; text_align=&#8221;left&#8221; box_shadow_on_row=&#8221;no&#8221;][vc_column][vc_column_text]\n[\/vc_column_text][\/vc_column][\/vc_row][vc_row row_type=&#8221;row&#8221; use_row_as_full_screen_section=&#8221;no&#8221; type=&#8221;grid&#8221; text_align=&#8221;left&#8221; background_color=&#8221;#f7f7f7&#8243; padding_top=&#8221;95&#8243; box_shadow_on_row=&#8221;no&#8221;][vc_column offset=&#8221;vc_col-lg-4 vc_col-md-4&#8243;]<div class='eltd_icon_with_title  normal_icon roll_over' data-icon-hover-color=#464646 ><div class=\"icon_holder \" style=\"margin: -19px 0px 0px 0px; \"><div class=\"icon_holder_inner\"><span class=\"eltd_icon_stack eltd_tiny_icon \" style=\"font-size: 35px;color: #e5735c;\"><i class=\"eltd_icon_simple_line_icon icon-notebook icon_text_icon eltd_icon_stack_1x\" style=\"font-size: 35px;\" ><\/i><\/span><\/div><\/div><div class=\"icon_text_holder\" style=\"padding-left: 70px;\"><div class=\"icon_title_inner_holder\"><h5 class=\"icon_title \" style=\"\">TREINAMENTO<\/h5><\/div><div class=\"icon_text_inner\" style=\"\"><p style=''>Oferecemos treinamento personalizado para empresas, organismos de certifica\u00e7\u00e3o e comunidades. Nossos instrutores s\u00e3o profissionais com ampla experi\u00eancia em concep\u00e7\u00e3o, implementa\u00e7\u00e3o, gest\u00e3o e auditoria de programas de certifica\u00e7\u00e3o ambiental e florestal, como FSC\u00ae, ISO e SAN e Veriflora<\/p><a class='icon_with_title_link' href='https:\/\/smartcert.ca\/pt-br\/contact\/' target='_self' style=''>Mais<\/a><\/div><\/div><\/div>[vc_separator type=&#8221;transparent&#8221; up=&#8221;60&#8243; up_style=&#8221;px&#8221; down=&#8221;0&#8243; down_style=&#8221;px&#8221;][\/vc_column][vc_column offset=&#8221;vc_col-lg-4 vc_col-md-4&#8243;]<div class='eltd_icon_with_title tiny normal_icon roll_over' data-icon-hover-color=#464646 ><div class=\"icon_holder \" style=\"margin: -19px 0px 0px 0px; \"><div class=\"icon_holder_inner\"><span class=\"eltd_icon_stack eltd_tiny_icon \" style=\"font-size: 35px;color: #e5735c;\"><i class=\"eltd_icon_font_awesome fa fa-eye icon_text_icon eltd_icon_stack_1x\" style=\"font-size: 35px;\" ><\/i><\/span><\/div><\/div><div class=\"icon_text_holder\" style=\"padding-left: 70px;\"><div class=\"icon_title_inner_holder\"><h5 class=\"icon_title \" style=\"\">APOIO AO PLANEJAMENTO DO MANEJO FLORESTAL SUSTENT\u00c1VEL<\/h5><\/div><div class=\"icon_text_inner\" style=\"\"><p style=''>Nossa equipe multidisciplinar apoia o planejamento de manejo florestal sustent\u00e1vel e desenvolvimento de comunidades locais.<\/p><a class='icon_with_title_link' href='https:\/\/smartcert.ca\/en\/portfolio_page\/fsc-risk-analysis\/' target='_self' style=''>Mais<\/a><\/div><\/div><\/div>[vc_separator type=&#8221;transparent&#8221; up=&#8221;60&#8243; up_style=&#8221;px&#8221; down=&#8221;0&#8243; down_style=&#8221;px&#8221;][\/vc_column][vc_column offset=&#8221;vc_col-lg-4 vc_col-md-4&#8243;]<div class='eltd_icon_with_title tiny normal_icon roll_over' data-icon-hover-color=#464646 ><div class=\"icon_holder \" style=\"margin: -19px 0px 0px 0px; \"><div class=\"icon_holder_inner\"><span class=\"eltd_icon_stack eltd_tiny_icon \" style=\"font-size: 35px;color: #e5735c;\"><i class=\"eltd_icon_font_awesome fa fa-check-circle icon_text_icon eltd_icon_stack_1x\" style=\"font-size: 35px;\" ><\/i><\/span><\/div><\/div><div class=\"icon_text_holder\" style=\"padding-left: 70px;\"><div class=\"icon_title_inner_holder\"><h5 class=\"icon_title \" style=\"\">ACOMPANHAMENTO NO PROCESSO DE CERTIFICA\u00c7\u00c3O E DE GEST\u00c3O DE GASES DE EFEITO<\/h5><\/div><div class=\"icon_text_inner\" style=\"\"><p style=''>Nossos especialistas podem quantificar as emiss\u00f5es de gases de efeito estufa e configurar sistemas de gerenciamento que atendam a mais de 10 esquemas de certifica\u00e7\u00e3o diferentes.<\/p><a class='icon_with_title_link' href='https:\/\/smartcert.ca\/en\/portfolio_page\/certification\/' target='_self' style=''>Mais<\/a><\/div><\/div><\/div>[vc_separator type=&#8221;transparent&#8221; up=&#8221;60&#8243; up_style=&#8221;px&#8221; down=&#8221;0&#8243; down_style=&#8221;px&#8221;][\/vc_column][\/vc_row][vc_row row_type=&#8221;row&#8221; use_row_as_full_screen_section=&#8221;no&#8221; type=&#8221;grid&#8221; text_align=&#8221;left&#8221; background_color=&#8221;#f7f7f7&#8243; padding_bottom=&#8221;10&#8243; box_shadow_on_row=&#8221;no&#8221;][vc_column offset=&#8221;vc_col-lg-4 vc_col-md-4&#8243;]<div class='eltd_icon_with_title  normal_icon roll_over' data-icon-hover-color=#464646 ><div class=\"icon_holder \" style=\"margin: -19px 0px 0px 0px; \"><div class=\"icon_holder_inner\"><span class=\"eltd_icon_stack eltd_tiny_icon \" style=\"font-size: 35px;color: #e5735c;\"><i class=\"eltd_icon_simple_line_icon icon-briefcase icon_text_icon eltd_icon_stack_1x\" style=\"font-size: 35px;\" ><\/i><\/span><\/div><\/div><div class=\"icon_text_holder\" style=\"padding-left: 70px;\"><div class=\"icon_title_inner_holder\"><h5 class=\"icon_title \" style=\"\"> AUDITORIA DE CONFORMIDADE<\/h5><\/div><div class=\"icon_text_inner\" style=\"\"><p style=''>Temos uma equipe de auditores experientes e reconhecidos internacionalmente. Realizamos auditorias internas corporativas e auditorias externas com v\u00e1rios organismos de certifica\u00e7\u00e3o em todas as Am\u00e9ricas, \u00c1sia, \u00c1frica, Europa e Austr\u00e1lia.<\/p><a class='icon_with_title_link' href='https:\/\/smartcert.ca\/pt-br\/contact\/' target='_self' style=''>Mais<\/a><\/div><\/div><\/div>[vc_separator type=&#8221;transparent&#8221; up=&#8221;60&#8243; up_style=&#8221;px&#8221; down=&#8221;0&#8243; down_style=&#8221;px&#8221;][\/vc_column][vc_column offset=&#8221;vc_col-lg-4 vc_col-md-4&#8243;]<div class='eltd_icon_with_title  normal_icon roll_over' data-icon-hover-color=#464646 ><div class=\"icon_holder \" style=\"margin: -19px 0px 0px 0px; \"><div class=\"icon_holder_inner\"><span class=\"eltd_icon_stack eltd_tiny_icon \" style=\"font-size: 35px;color: #e5735c;\"><i class=\"eltd_icon_simple_line_icon icon-bell icon_text_icon eltd_icon_stack_1x\" style=\"font-size: 35px;\" ><\/i><\/span><\/div><\/div><div class=\"icon_text_holder\" style=\"padding-left: 70px;\"><div class=\"icon_title_inner_holder\"><h5 class=\"icon_title \" style=\"\">CONSULTAS P\u00daBLICAS<\/h5><\/div><div class=\"icon_text_inner\" style=\"\"><p style=''>N\u00f3s projetamos, organizamos e conduzimos consultas com comunidades e stakeholders. Nossa abordagem sistem\u00e1tica e proativa visa obter uma participa\u00e7\u00e3o p\u00fablica relevante que ajudar\u00e1 a melhorar o projeto e sua aceita\u00e7\u00e3o p\u00fablica. Nossos consultores s\u00e3o capazes de se envolver efetivamente com as comunidades afetadas em qualquer parte do mundo.<\/p><a class='icon_with_title_link' href='https:\/\/smartcert.ca\/pt-br\/contact\/' target='_self' style=''>Mais<\/a><\/div><\/div><\/div>[vc_separator type=&#8221;transparent&#8221; up=&#8221;60&#8243; up_style=&#8221;px&#8221; down=&#8221;0&#8243; down_style=&#8221;px&#8221;][\/vc_column][vc_column offset=&#8221;vc_col-lg-4 vc_col-md-4&#8243;]<div class='eltd_icon_with_title  normal_icon roll_over' data-icon-hover-color=#464646 ><div class=\"icon_holder \" style=\"margin: -19px 0px 0px 0px; \"><div class=\"icon_holder_inner\"><span class=\"eltd_icon_stack eltd_tiny_icon \" style=\"font-size: 35px;color: #e5735c;\"><i class=\"eltd_icon_simple_line_icon icon-map icon_text_icon eltd_icon_stack_1x\" style=\"font-size: 35px;\" ><\/i><\/span><\/div><\/div><div class=\"icon_text_holder\" style=\"padding-left: 70px;\"><div class=\"icon_title_inner_holder\"><h5 class=\"icon_title \" style=\"\">RESPONSABILIDADE SOCIAL CORPORATIVA<\/h5><\/div><div class=\"icon_text_inner\" style=\"\"><p style=''>Apoiamos as empresas em seus esfor\u00e7os para melhorar suas pol\u00edticas ambientais e sociais.<\/p><a class='icon_with_title_link' href='https:\/\/smartcert.ca\/pt-br\/contact\/' target='_self' style=''>Mais<\/a><\/div><\/div><\/div>[vc_separator type=&#8221;transparent&#8221; up=&#8221;60&#8243; up_style=&#8221;px&#8221; down=&#8221;0&#8243; down_style=&#8221;px&#8221;][\/vc_column][\/vc_row][vc_row row_type=&#8221;row&#8221; use_row_as_full_screen_section=&#8221;no&#8221; type=&#8221;full_width&#8221; text_align=&#8221;left&#8221; box_shadow_on_row=&#8221;no&#8221;][vc_column][vc_separator type=&#8221;transparent&#8221; up=&#8221;-6&#8243; up_style=&#8221;px&#8221; down=&#8221;0&#8243; down_style=&#8221;px&#8221;][vc_empty_space height=&#8221;6px&#8221; background_image=&#8221;347852&#8243; image_repeat=&#8221;no-repeat&#8221;][\/vc_column][\/vc_row][vc_row row_type=&#8221;row&#8221; use_row_as_full_screen_section=&#8221;no&#8221; type=&#8221;grid&#8221; text_align=&#8221;center&#8221; background_color=&#8221;#f7f7f7&#8243; padding_top=&#8221;48&#8243; padding_bottom=&#8221;48&#8243; box_shadow_on_row=&#8221;no&#8221;][vc_column][vc_column_text]<strong>Para mais informa\u00e7\u00f5es, n\u00e3o hesite em nos <a href=\"https:\/\/smartcert.ca\/pt-br\/contact\/\">contatar <\/a>&#8230;<\/strong>[\/vc_column_text][\/vc_column][\/vc_row]\n","protected":false},"excerpt":{"rendered":"<p>[vc_row row_type=&#8221;row&#8221; use_row_as_full_screen_section=&#8221;no&#8221; type=&#8221;grid&#8221; text_align=&#8221;left&#8221; background_image=&#8221;348821&#8243; padding_top=&#8221;104&#8243; box_shadow_on_row=&#8221;no&#8221;][vc_column][no_elements_holder number_of_columns=&#8221;one_column&#8221;][no_elements_holder_item item_padding=&#8221;0px 145px 0px 0px &#8221; aligment=&#8221;left&#8221; enable_hover_effect=&#8221;no&#8221; advanced_animations=&#8221;no&#8221; elemnts_holder_frame=&#8221;no&#8221;][vc_text_separator title=&#8221;Quem somos&#8221; title_size=&#8221;30&#8243; text_in_box=&#8221;no&#8221; text_position=&#8221;left&#8221; box_padding=&#8221;12&#8243; line_color=&#8221;#dadada&#8221; line_width=&#8221;43&#8243; animation=&#8221;default&#8221; line_thickness=&#8221;2&#8243; line_border_style=&#8221;solid&#8221; up=&#8221;8&#8243; down=&#8221;8&#8243; line_dots=&#8221;no&#8221; title_color=&#8221;#e5735c&#8221; box_margin=&#8221;0&#8243;][vc_separator type=&#8221;transparent&#8221; up=&#8221;25&#8243; up_style=&#8221;px&#8221; down=&#8221;0&#8243; down_style=&#8221;px&#8221;][vc_column_text]Somos uma empresa de consultoria especializada em&#8230;<\/p>\n","protected":false},"author":1,"featured_media":0,"parent":0,"menu_order":0,"comment_status":"open","ping_status":"closed","template":"full_width.php","meta":{"_exactmetrics_skip_tracking":false,"_exactmetrics_sitenote_active":false,"_exactmetrics_sitenote_note":"","_exactmetrics_sitenote_category":0,"footnotes":""},"acf":[],"yoast_head":"<!-- This site is optimized with the Yoast SEO plugin v22.5 - https:\/\/yoast.com\/wordpress\/plugins\/seo\/ -->\n<title>Bem-vindo - Smart Cert<\/title>\n<meta name=\"robots\" content=\"index, follow, max-snippet:-1, max-image-preview:large, max-video-preview:-1\" \/>\n<link rel=\"canonical\" href=\"https:\/\/smartcert.ca\/pt-br\/\" \/>\n<meta property=\"og:locale\" content=\"pt_BR\" \/>\n<meta property=\"og:type\" content=\"article\" \/>\n<meta property=\"og:title\" content=\"Bem-vindo - Smart Cert\" \/>\n<meta property=\"og:description\" content=\"[vc_row row_type=&#8221;row&#8221; use_row_as_full_screen_section=&#8221;no&#8221; type=&#8221;grid&#8221; text_align=&#8221;left&#8221; background_image=&#8221;348821&#8243; padding_top=&#8221;104&#8243; box_shadow_on_row=&#8221;no&#8221;][vc_column][no_elements_holder number_of_columns=&#8221;one_column&#8221;][no_elements_holder_item item_padding=&#8221;0px 145px 0px 0px &#8221; aligment=&#8221;left&#8221; enable_hover_effect=&#8221;no&#8221; advanced_animations=&#8221;no&#8221; elemnts_holder_frame=&#8221;no&#8221;][vc_text_separator title=&#8221;Quem somos&#8221; title_size=&#8221;30&#8243; text_in_box=&#8221;no&#8221; text_position=&#8221;left&#8221; box_padding=&#8221;12&#8243; line_color=&#8221;#dadada&#8221; line_width=&#8221;43&#8243; animation=&#8221;default&#8221; line_thickness=&#8221;2&#8243; line_border_style=&#8221;solid&#8221; up=&#8221;8&#8243; down=&#8221;8&#8243; line_dots=&#8221;no&#8221; title_color=&#8221;#e5735c&#8221; box_margin=&#8221;0&#8243;][vc_separator type=&#8221;transparent&#8221; up=&#8221;25&#8243; up_style=&#8221;px&#8221; down=&#8221;0&#8243; down_style=&#8221;px&#8221;][vc_column_text]Somos uma empresa de consultoria especializada em...\" \/>\n<meta property=\"og:url\" content=\"https:\/\/smartcert.ca\/pt-br\/\" \/>\n<meta property=\"og:site_name\" content=\"Smart Cert\" \/>\n<meta property=\"article:modified_time\" content=\"2022-07-22T17:02:28+00:00\" \/>\n<meta name=\"twitter:card\" content=\"summary_large_image\" \/>\n<meta name=\"twitter:label1\" content=\"Est. tempo de leitura\" \/>\n\t<meta name=\"twitter:data1\" content=\"7 minutos\" \/>\n<script type=\"application\/ld+json\" class=\"yoast-schema-graph\">{\"@context\":\"https:\/\/schema.org\",\"@graph\":[{\"@type\":\"WebPage\",\"@id\":\"https:\/\/smartcert.ca\/pt-br\/\",\"url\":\"https:\/\/smartcert.ca\/pt-br\/\",\"name\":\"Bem-vindo - Smart Cert\",\"isPartOf\":{\"@id\":\"https:\/\/smartcert.ca\/en\/#website\"},\"datePublished\":\"2015-07-31T15:35:33+00:00\",\"dateModified\":\"2022-07-22T17:02:28+00:00\",\"breadcrumb\":{\"@id\":\"https:\/\/smartcert.ca\/pt-br\/#breadcrumb\"},\"inLanguage\":\"pt-BR\",\"potentialAction\":[{\"@type\":\"ReadAction\",\"target\":[\"https:\/\/smartcert.ca\/pt-br\/\"]}]},{\"@type\":\"BreadcrumbList\",\"@id\":\"https:\/\/smartcert.ca\/pt-br\/#breadcrumb\",\"itemListElement\":[{\"@type\":\"ListItem\",\"position\":1,\"name\":\"Home\",\"item\":\"https:\/\/smartcert.ca\/pt-br\/\"},{\"@type\":\"ListItem\",\"position\":2,\"name\":\"Bem-vindo\"}]},{\"@type\":\"WebSite\",\"@id\":\"https:\/\/smartcert.ca\/en\/#website\",\"url\":\"https:\/\/smartcert.ca\/en\/\",\"name\":\"Smart Cert\",\"description\":\"Certification\",\"potentialAction\":[{\"@type\":\"SearchAction\",\"target\":{\"@type\":\"EntryPoint\",\"urlTemplate\":\"https:\/\/smartcert.ca\/en\/?s={search_term_string}\"},\"query-input\":\"required name=search_term_string\"}],\"inLanguage\":\"pt-BR\"}]}<\/script>\n<!-- \/ Yoast SEO plugin. -->","yoast_head_json":{"title":"Bem-vindo - Smart Cert","robots":{"index":"index","follow":"follow","max-snippet":"max-snippet:-1","max-image-preview":"max-image-preview:large","max-video-preview":"max-video-preview:-1"},"canonical":"https:\/\/smartcert.ca\/pt-br\/","og_locale":"pt_BR","og_type":"article","og_title":"Bem-vindo - Smart Cert","og_description":"[vc_row row_type=&#8221;row&#8221; use_row_as_full_screen_section=&#8221;no&#8221; type=&#8221;grid&#8221; text_align=&#8221;left&#8221; background_image=&#8221;348821&#8243; padding_top=&#8221;104&#8243; box_shadow_on_row=&#8221;no&#8221;][vc_column][no_elements_holder number_of_columns=&#8221;one_column&#8221;][no_elements_holder_item item_padding=&#8221;0px 145px 0px 0px &#8221; aligment=&#8221;left&#8221; enable_hover_effect=&#8221;no&#8221; advanced_animations=&#8221;no&#8221; elemnts_holder_frame=&#8221;no&#8221;][vc_text_separator title=&#8221;Quem somos&#8221; title_size=&#8221;30&#8243; text_in_box=&#8221;no&#8221; text_position=&#8221;left&#8221; box_padding=&#8221;12&#8243; line_color=&#8221;#dadada&#8221; line_width=&#8221;43&#8243; animation=&#8221;default&#8221; line_thickness=&#8221;2&#8243; line_border_style=&#8221;solid&#8221; up=&#8221;8&#8243; down=&#8221;8&#8243; line_dots=&#8221;no&#8221; title_color=&#8221;#e5735c&#8221; box_margin=&#8221;0&#8243;][vc_separator type=&#8221;transparent&#8221; up=&#8221;25&#8243; up_style=&#8221;px&#8221; down=&#8221;0&#8243; down_style=&#8221;px&#8221;][vc_column_text]Somos uma empresa de consultoria especializada em...","og_url":"https:\/\/smartcert.ca\/pt-br\/","og_site_name":"Smart Cert","article_modified_time":"2022-07-22T17:02:28+00:00","twitter_card":"summary_large_image","twitter_misc":{"Est. tempo de leitura":"7 minutos"},"schema":{"@context":"https:\/\/schema.org","@graph":[{"@type":"WebPage","@id":"https:\/\/smartcert.ca\/pt-br\/","url":"https:\/\/smartcert.ca\/pt-br\/","name":"Bem-vindo - Smart Cert","isPartOf":{"@id":"https:\/\/smartcert.ca\/en\/#website"},"datePublished":"2015-07-31T15:35:33+00:00","dateModified":"2022-07-22T17:02:28+00:00","breadcrumb":{"@id":"https:\/\/smartcert.ca\/pt-br\/#breadcrumb"},"inLanguage":"pt-BR","potentialAction":[{"@type":"ReadAction","target":["https:\/\/smartcert.ca\/pt-br\/"]}]},{"@type":"BreadcrumbList","@id":"https:\/\/smartcert.ca\/pt-br\/#breadcrumb","itemListElement":[{"@type":"ListItem","position":1,"name":"Home","item":"https:\/\/smartcert.ca\/pt-br\/"},{"@type":"ListItem","position":2,"name":"Bem-vindo"}]},{"@type":"WebSite","@id":"https:\/\/smartcert.ca\/en\/#website","url":"https:\/\/smartcert.ca\/en\/","name":"Smart Cert","description":"Certification","potentialAction":[{"@type":"SearchAction","target":{"@type":"EntryPoint","urlTemplate":"https:\/\/smartcert.ca\/en\/?s={search_term_string}"},"query-input":"required name=search_term_string"}],"inLanguage":"pt-BR"}]}},"_links":{"self":[{"href":"https:\/\/smartcert.ca\/pt-br\/wp-json\/wp\/v2\/pages\/349440"}],"collection":[{"href":"https:\/\/smartcert.ca\/pt-br\/wp-json\/wp\/v2\/pages"}],"about":[{"href":"https:\/\/smartcert.ca\/pt-br\/wp-json\/wp\/v2\/types\/page"}],"author":[{"embeddable":true,"href":"https:\/\/smartcert.ca\/pt-br\/wp-json\/wp\/v2\/users\/1"}],"replies":[{"embeddable":true,"href":"https:\/\/smartcert.ca\/pt-br\/wp-json\/wp\/v2\/comments?post=349440"}],"version-history":[{"count":19,"href":"https:\/\/smartcert.ca\/pt-br\/wp-json\/wp\/v2\/pages\/349440\/revisions"}],"predecessor-version":[{"id":349712,"href":"https:\/\/smartcert.ca\/pt-br\/wp-json\/wp\/v2\/pages\/349440\/revisions\/349712"}],"wp:attachment":[{"href":"https:\/\/smartcert.ca\/pt-br\/wp-json\/wp\/v2\/media?parent=349440"}],"curies":[{"name":"wp","href":"https:\/\/api.w.org\/{rel}","templated":true}]}}