{"id":348904,"date":"2015-07-31T11:35:33","date_gmt":"2015-07-31T11:35:33","guid":{"rendered":"https:\/\/smartcert.ca\/classic-home\/"},"modified":"2022-07-22T13:21:25","modified_gmt":"2022-07-22T17:21:25","slug":"classic-home","status":"publish","type":"page","link":"https:\/\/smartcert.ca\/es\/","title":{"rendered":"Inicio"},"content":{"rendered":"[vc_row row_type=\u00bbrow\u00bb use_row_as_full_screen_section=\u00bbno\u00bb type=\u00bbgrid\u00bb text_align=\u00bbleft\u00bb background_image=\u00bb348821&#8243; padding_top=\u00bb104&#8243; box_shadow_on_row=\u00bbno\u00bb][vc_column][no_elements_holder number_of_columns=\u00bbone_column\u00bb][no_elements_holder_item item_padding=\u00bb0px 145px 0px 0px \u00bb aligment=\u00bbleft\u00bb enable_hover_effect=\u00bbno\u00bb advanced_animations=\u00bbno\u00bb elemnts_holder_frame=\u00bbno\u00bb][vc_text_separator title=\u00bbA proposito\u00bb title_size=\u00bb30&#8243; text_in_box=\u00bbno\u00bb text_position=\u00bbleft\u00bb box_padding=\u00bb12&#8243; line_color=\u00bb#dadada\u00bb line_width=\u00bb43&#8243; animation=\u00bbdefault\u00bb line_thickness=\u00bb2&#8243; line_border_style=\u00bbsolid\u00bb up=\u00bb8&#8243; down=\u00bb8&#8243; line_dots=\u00bbno\u00bb title_color=\u00bb#e5735c\u00bb box_margin=\u00bb0&#8243;]<div class=\"custom_font_holder\" style=\"font-family: Raleway; font-size: 40px; line-height: 50px; font-style: normal; font-weight: 800; color: #464646; text-decoration: none; letter-spacing: 0px;; padding: 0; margin: 0; text-transform: uppercase; text-align: left\" data-font-size=40 data-line-height=50 ><span class=\"typed\" data-loop=true data-speed=50 data-back_delay=1000   ><span>Trabajando por<\/span><span>el mundo entero para<\/span><span>el desarrollo sostenible<\/span><\/span><\/div>[vc_separator type=\u00bbtransparent\u00bb up=\u00bb25&#8243; up_style=\u00bbpx\u00bb down=\u00bb0&#8243; down_style=\u00bbpx\u00bb][vc_column_text]\n<p>Somos una empresa canadiense que ejecuta mandatos internacionales a trav\u00e9s de nuestra red de expertos en responsabilidad social y ambiental corporativa. Apoyamos a las empresas en sus objetivos de certificaci\u00f3n ambiental, de cumplimiento normativo y en su compromiso con las comunidades ind\u00edgenas.<\/p>\n<p>Nuestros clientes ya son, o quieren convertirse en, los l\u00edderes en su campo o est\u00e1n comprometidos a mantener o mejorar su desempe\u00f1o social y ambiental o sus relaciones con las comunidades, con el objetivo de beneficiarse de ellos en los mercados a trav\u00e9s de la certificaci\u00f3n.<\/p>\n<p>Nuestro equipo implementa sistemas de gesti\u00f3n para cumplir con diez est\u00e1ndares de certificaci\u00f3n incluyendo ISO, Forest Stewardship Council\u00ae y las certificaciones agr\u00edcoles SAN y Veriflora.<\/p>\n[\/vc_column_text][vc_separator type=\u00bbtransparent\u00bb up=\u00bb37&#8243; up_style=\u00bbpx\u00bb down=\u00bb0&#8243; down_style=\u00bbpx\u00bb]<a href=\"https:\/\/smartcert.ca\/es\/contact\/\" target=\"_self\" data-hover-animated-background-color=#dc5d42 data-hover-border-color=#ea8f7d  class=\"qbutton  qbutton_with_icon icon_right fill_text_rotate_icon animate_button\" style=\"color: #ffffff; border-color: #ea8f7d; margin: 0 14px 14px 0; background-color: #e5735c;\">\n\t\t<span class=\"text_holder\"><span class=\"a_overlay\" style=\"\"><\/span><span>+ infos<\/span><span style=\"\" class=\"hidden_text\">+ infos<\/span><\/span>\n\t\t<span class=\"icon_holder\" style=\"border-left-color: #ea8f7d; \"><span  style=\"color: #ffffff; \"><span aria-hidden=\"true\" class=\"eltd_icon_font_elegant icon_info button_icon\" style=\"\" ><\/span><\/span><span style=\"\" class=\"hidden_icon\"><span aria-hidden=\"true\" class=\"eltd_icon_font_elegant icon_info button_icon\" style=\"\" ><\/span><\/span><\/span><\/a><a href=\"https:\/\/smartcert.ca\/contact\/\" target=\"_self\"  class=\"qbutton  transparent qbutton_with_icon icon_right fill_text_rotate_icon animate_button\" style=\"margin: 0 14px 14px 0; \">\n\t\t<span class=\"text_holder\"><span class=\"a_overlay\" style=\"\"><\/span><span>contacto<\/span><span style=\"\" class=\"hidden_text\">contacto<\/span><\/span>\n\t\t<span class=\"icon_holder\" style=\"\"><span  style=\"\"><span aria-hidden=\"true\" class=\"eltd_icon_font_elegant icon_comment button_icon\" style=\"width: inherit; \" ><\/span><\/span><span style=\"\" class=\"hidden_icon\"><span aria-hidden=\"true\" class=\"eltd_icon_font_elegant icon_comment button_icon\" style=\"width: inherit; \" ><\/span><\/span><\/span><\/a>[vc_separator type=\u00bbtransparent\u00bb up=\u00bb100&#8243; up_style=\u00bbpx\u00bb down=\u00bb0&#8243; down_style=\u00bbpx\u00bb][\/no_elements_holder_item][\/no_elements_holder][\/vc_column][\/vc_row][vc_row row_type=\u00bbrow\u00bb use_row_as_full_screen_section=\u00bbno\u00bb type=\u00bbfull_width\u00bb text_align=\u00bbleft\u00bb box_shadow_on_row=\u00bbno\u00bb][vc_column][vc_column_text]\n<p><span style=\"line-height: inherit;\">[\/vc_column_text][\/vc_column][\/vc_row][vc_row row_type=\u00bbrow\u00bb use_row_as_full_screen_section=\u00bbno\u00bb type=\u00bbgrid\u00bb text_align=\u00bbleft\u00bb background_color=\u00bb#f7f7f7&#8243; padding_top=\u00bb95&#8243; box_shadow_on_row=\u00bbno\u00bb][vc_column offset=\u00bbvc_col-lg-4 vc_col-md-4&#8243;]<div class='eltd_icon_with_title  normal_icon roll_over' data-icon-hover-color=#464646 ><div class=\"icon_holder \" style=\"margin: -19px 0px 0px 0px; \"><div class=\"icon_holder_inner\"><span class=\"eltd_icon_stack eltd_tiny_icon \" style=\"font-size: 35px;color: #e5735c;\"><i class=\"eltd_icon_simple_line_icon icon-notebook icon_text_icon eltd_icon_stack_1x\" style=\"font-size: 35px;\" ><\/i><\/span><\/div><\/div><div class=\"icon_text_holder\" style=\"padding-left: 70px;\"><div class=\"icon_title_inner_holder\"><h5 class=\"icon_title \" style=\"\">CAPACITACI\u00d3N<\/h5><\/div><div class=\"icon_text_inner\" style=\"\"><p style=''>Ofrecemos capacitaci\u00f3n personalizada para empresas, certificadores y comunidades.<\/p><a class='icon_with_title_link' href='https:\/\/smartcert.ca\/es\/contact\/' target='_self' style=''>M\u00e1s<\/a><\/div><\/div><\/div>[vc_separator type=\u00bbtransparent\u00bb up=\u00bb60&#8243; up_style=\u00bbpx\u00bb down=\u00bb0&#8243; down_style=\u00bbpx\u00bb][\/vc_column][vc_column offset=\u00bbvc_col-lg-4 vc_col-md-4&#8243;]<div class='eltd_icon_with_title tiny normal_icon roll_over' data-icon-hover-color=#464646 ><div class=\"icon_holder \" style=\"margin: -19px 0px 0px 0px; \"><div class=\"icon_holder_inner\"><span class=\"eltd_icon_stack eltd_tiny_icon \" style=\"font-size: 35px;color: #e5735c;\"><i class=\"eltd_icon_font_awesome fa fa-eye icon_text_icon eltd_icon_stack_1x\" style=\"font-size: 35px;\" ><\/i><\/span><\/div><\/div><div class=\"icon_text_holder\" style=\"padding-left: 70px;\"><div class=\"icon_title_inner_holder\"><h5 class=\"icon_title \" style=\"\">APOYO EN EL PROCESO DE CONSENTIMIENTO<\/h5><\/div><div class=\"icon_text_inner\" style=\"\"><p style=''>Ayudamos a las empresas y comunidades a establecer procesos de Consentimiento Previo, Libre e Informado<\/p><a class='icon_with_title_link' href='https:\/\/smartcert.ca\/es\/contact\/' target='_self' style=''>M\u00e1s<\/a><\/div><\/div><\/div>[vc_separator type=\u00bbtransparent\u00bb up=\u00bb60&#8243; up_style=\u00bbpx\u00bb down=\u00bb0&#8243; down_style=\u00bbpx\u00bb][\/vc_column][vc_column offset=\u00bbvc_col-lg-4 vc_col-md-4&#8243;]<div class='eltd_icon_with_title tiny normal_icon roll_over' data-icon-hover-color=#464646 ><div class=\"icon_holder \" style=\"margin: -19px 0px 0px 0px; \"><div class=\"icon_holder_inner\"><span class=\"eltd_icon_stack eltd_tiny_icon \" style=\"font-size: 35px;color: #e5735c;\"><i class=\"eltd_icon_font_awesome fa fa-check-circle icon_text_icon eltd_icon_stack_1x\" style=\"font-size: 35px;\" ><\/i><\/span><\/div><\/div><div class=\"icon_text_holder\" style=\"padding-left: 70px;\"><div class=\"icon_title_inner_holder\"><h5 class=\"icon_title \" style=\"\">APOYO HACIA LA CERTIFICATION<\/h5><\/div><div class=\"icon_text_inner\" style=\"\"><p style=''>Nuestros especialistas pueden configurar sistemas de gesti\u00f3n por m\u00e1s de 10 sistemas de certificaci\u00f3n distintos<\/p><a class='icon_with_title_link' href='https:\/\/smartcert.ca\/es\/contact\/' target='_self' style=''>M\u00e1s<\/a><\/div><\/div><\/div>[vc_separator type=\u00bbtransparent\u00bb up=\u00bb60&#8243; up_style=\u00bbpx\u00bb down=\u00bb0&#8243; down_style=\u00bbpx\u00bb][\/vc_column][\/vc_row][vc_row row_type=\u00bbrow\u00bb use_row_as_full_screen_section=\u00bbno\u00bb type=\u00bbgrid\u00bb text_align=\u00bbleft\u00bb background_color=\u00bb#f7f7f7&#8243; padding_bottom=\u00bb10&#8243; box_shadow_on_row=\u00bbno\u00bb][vc_column offset=\u00bbvc_col-lg-4 vc_col-md-4&#8243;]<div class='eltd_icon_with_title  normal_icon roll_over' data-icon-hover-color=#464646 ><div class=\"icon_holder \" style=\"margin: -19px 0px 0px 0px; \"><div class=\"icon_holder_inner\"><span class=\"eltd_icon_stack eltd_tiny_icon \" style=\"font-size: 35px;color: #e5735c;\"><i class=\"eltd_icon_simple_line_icon icon-briefcase icon_text_icon eltd_icon_stack_1x\" style=\"font-size: 35px;\" ><\/i><\/span><\/div><\/div><div class=\"icon_text_holder\" style=\"padding-left: 70px;\"><div class=\"icon_title_inner_holder\"><h5 class=\"icon_title \" style=\"\">AUDITOR\u00cdAS DE CONFORMIDAD<\/h5><\/div><div class=\"icon_text_inner\" style=\"\"><p style=''>Contamos con un equipo de auditores experimentados e internacionalmente reconocidos. Tenemos experiencia de auditor\u00eda en todas las Am\u00e9ricas, en Asia, en \u00c1frica, en Europa y en Australia.<\/p><a class='icon_with_title_link' href='https:\/\/smartcert.ca\/es\/contact\/' target='_self' style=''>M\u00e1s<\/a><\/div><\/div><\/div>[vc_separator type=\u00bbtransparent\u00bb up=\u00bb60&#8243; up_style=\u00bbpx\u00bb down=\u00bb0&#8243; down_style=\u00bbpx\u00bb][\/vc_column][vc_column offset=\u00bbvc_col-lg-4 vc_col-md-4&#8243;]<div class='eltd_icon_with_title  normal_icon roll_over' data-icon-hover-color=#464646 ><div class=\"icon_holder \" style=\"margin: -19px 0px 0px 0px; \"><div class=\"icon_holder_inner\"><span class=\"eltd_icon_stack eltd_tiny_icon \" style=\"font-size: 35px;color: #e5735c;\"><i class=\"eltd_icon_simple_line_icon icon-bell icon_text_icon eltd_icon_stack_1x\" style=\"font-size: 35px;\" ><\/i><\/span><\/div><\/div><div class=\"icon_text_holder\" style=\"padding-left: 70px;\"><div class=\"icon_title_inner_holder\"><h5 class=\"icon_title \" style=\"\"> CONSULTACIONES P\u00daBLICAS O DIRIGIDAS<\/h5><\/div><div class=\"icon_text_inner\" style=\"\"><p style=''>Organizamos y ejecutamos consultaciones en comunidades y grupos de inter\u00e9s por todo el mundo.<\/p><a class='icon_with_title_link' href='https:\/\/smartcert.ca\/es\/contact\/' target='_self' style=''>M\u00e1s<\/a><\/div><\/div><\/div>[vc_separator type=\u00bbtransparent\u00bb up=\u00bb60&#8243; up_style=\u00bbpx\u00bb down=\u00bb0&#8243; down_style=\u00bbpx\u00bb][\/vc_column][vc_column offset=\u00bbvc_col-lg-4 vc_col-md-4&#8243;]<div class='eltd_icon_with_title  normal_icon roll_over' data-icon-hover-color=#464646 ><div class=\"icon_holder \" style=\"margin: -19px 0px 0px 0px; \"><div class=\"icon_holder_inner\"><span class=\"eltd_icon_stack eltd_tiny_icon \" style=\"font-size: 35px;color: #e5735c;\"><i class=\"eltd_icon_simple_line_icon icon-map icon_text_icon eltd_icon_stack_1x\" style=\"font-size: 35px;\" ><\/i><\/span><\/div><\/div><div class=\"icon_text_holder\" style=\"padding-left: 70px;\"><div class=\"icon_title_inner_holder\"><h5 class=\"icon_title \" style=\"\">Mapeo participativo<\/h5><\/div><div class=\"icon_text_inner\" style=\"\"><p style=''>Processus d&#039;identification et de cartographie des valeurs des communaut\u00e9s<\/p><a class='icon_with_title_link' href='https:\/\/smartcert.ca\/es\/contact\/' target='_self' style=''>M\u00e1s<\/a><\/div><\/div><\/div>[vc_separator type=\u00bbtransparent\u00bb up=\u00bb60&#8243; up_style=\u00bbpx\u00bb down=\u00bb0&#8243; down_style=\u00bbpx\u00bb][\/vc_column][\/vc_row][vc_row row_type=\u00bbrow\u00bb use_row_as_full_screen_section=\u00bbno\u00bb type=\u00bbfull_width\u00bb text_align=\u00bbleft\u00bb box_shadow_on_row=\u00bbno\u00bb][vc_column][vc_separator type=\u00bbtransparent\u00bb up=\u00bb-6&#8243; up_style=\u00bbpx\u00bb down=\u00bb0&#8243; down_style=\u00bbpx\u00bb][vc_empty_space height=\u00bb6px\u00bb background_image=\u00bb347852&#8243; image_repeat=\u00bbno-repeat\u00bb][\/vc_column][\/vc_row][vc_row row_type=\u00bbrow\u00bb use_row_as_full_screen_section=\u00bbno\u00bb type=\u00bbgrid\u00bb text_align=\u00bbcenter\u00bb background_color=\u00bb#f7f7f7&#8243; padding_top=\u00bb48&#8243; padding_bottom=\u00bb48&#8243; box_shadow_on_row=\u00bbno\u00bb][vc_column][vc_column_text]\u00a0<\/span><\/p>\n<h4>Para obtener m\u00e1s informaci\u00f3n,\u00a0<a href=\"https:\/\/smartcert.ca\/contact\/\">communiquese con nosotros.<\/a><\/h4>\n[\/vc_column_text][\/vc_column][\/vc_row]\n","protected":false},"excerpt":{"rendered":"<p>[vc_row row_type=\u00bbrow\u00bb use_row_as_full_screen_section=\u00bbno\u00bb type=\u00bbgrid\u00bb text_align=\u00bbleft\u00bb background_image=\u00bb348821&#8243; padding_top=\u00bb104&#8243; box_shadow_on_row=\u00bbno\u00bb][vc_column][no_elements_holder number_of_columns=\u00bbone_column\u00bb][no_elements_holder_item item_padding=\u00bb0px 145px 0px 0px \u00bb aligment=\u00bbleft\u00bb enable_hover_effect=\u00bbno\u00bb advanced_animations=\u00bbno\u00bb elemnts_holder_frame=\u00bbno\u00bb][vc_text_separator title=\u00bbA proposito\u00bb title_size=\u00bb30&#8243; text_in_box=\u00bbno\u00bb text_position=\u00bbleft\u00bb box_padding=\u00bb12&#8243; line_color=\u00bb#dadada\u00bb line_width=\u00bb43&#8243; animation=\u00bbdefault\u00bb line_thickness=\u00bb2&#8243; line_border_style=\u00bbsolid\u00bb up=\u00bb8&#8243; down=\u00bb8&#8243; line_dots=\u00bbno\u00bb title_color=\u00bb#e5735c\u00bb box_margin=\u00bb0&#8243;][vc_separator type=\u00bbtransparent\u00bb up=\u00bb25&#8243; up_style=\u00bbpx\u00bb down=\u00bb0&#8243; down_style=\u00bbpx\u00bb][vc_column_text] Somos una empresa canadiense que ejecuta&#8230;<\/p>\n","protected":false},"author":1,"featured_media":0,"parent":0,"menu_order":0,"comment_status":"open","ping_status":"closed","template":"full_width.php","meta":{"_exactmetrics_skip_tracking":false,"_exactmetrics_sitenote_active":false,"_exactmetrics_sitenote_note":"","_exactmetrics_sitenote_category":0,"footnotes":""},"acf":[],"yoast_head":"<!-- This site is optimized with the Yoast SEO plugin v22.5 - https:\/\/yoast.com\/wordpress\/plugins\/seo\/ -->\n<title>Inicio - Smart Cert<\/title>\n<meta name=\"robots\" content=\"index, follow, max-snippet:-1, max-image-preview:large, max-video-preview:-1\" \/>\n<link rel=\"canonical\" href=\"https:\/\/smartcert.ca\/es\/\" \/>\n<meta property=\"og:locale\" content=\"es_ES\" \/>\n<meta property=\"og:type\" content=\"article\" \/>\n<meta property=\"og:title\" content=\"Inicio - Smart Cert\" \/>\n<meta property=\"og:description\" content=\"[vc_row row_type=\u00bbrow\u00bb use_row_as_full_screen_section=\u00bbno\u00bb type=\u00bbgrid\u00bb text_align=\u00bbleft\u00bb background_image=\u00bb348821&#8243; padding_top=\u00bb104&#8243; box_shadow_on_row=\u00bbno\u00bb][vc_column][no_elements_holder number_of_columns=\u00bbone_column\u00bb][no_elements_holder_item item_padding=\u00bb0px 145px 0px 0px \u00bb aligment=\u00bbleft\u00bb enable_hover_effect=\u00bbno\u00bb advanced_animations=\u00bbno\u00bb elemnts_holder_frame=\u00bbno\u00bb][vc_text_separator title=\u00bbA proposito\u00bb title_size=\u00bb30&#8243; text_in_box=\u00bbno\u00bb text_position=\u00bbleft\u00bb box_padding=\u00bb12&#8243; line_color=\u00bb#dadada\u00bb line_width=\u00bb43&#8243; animation=\u00bbdefault\u00bb line_thickness=\u00bb2&#8243; line_border_style=\u00bbsolid\u00bb up=\u00bb8&#8243; down=\u00bb8&#8243; line_dots=\u00bbno\u00bb title_color=\u00bb#e5735c\u00bb box_margin=\u00bb0&#8243;][vc_separator type=\u00bbtransparent\u00bb up=\u00bb25&#8243; up_style=\u00bbpx\u00bb down=\u00bb0&#8243; down_style=\u00bbpx\u00bb][vc_column_text] Somos una empresa canadiense que ejecuta...\" \/>\n<meta property=\"og:url\" content=\"https:\/\/smartcert.ca\/es\/\" \/>\n<meta property=\"og:site_name\" content=\"Smart Cert\" \/>\n<meta property=\"article:modified_time\" content=\"2022-07-22T17:21:25+00:00\" \/>\n<meta name=\"twitter:card\" content=\"summary_large_image\" \/>\n<meta name=\"twitter:label1\" content=\"Tiempo de lectura\" \/>\n\t<meta name=\"twitter:data1\" content=\"6 minutos\" \/>\n<script type=\"application\/ld+json\" class=\"yoast-schema-graph\">{\"@context\":\"https:\/\/schema.org\",\"@graph\":[{\"@type\":\"WebPage\",\"@id\":\"https:\/\/smartcert.ca\/es\/\",\"url\":\"https:\/\/smartcert.ca\/es\/\",\"name\":\"Inicio - Smart Cert\",\"isPartOf\":{\"@id\":\"https:\/\/smartcert.ca\/en\/#website\"},\"datePublished\":\"2015-07-31T11:35:33+00:00\",\"dateModified\":\"2022-07-22T17:21:25+00:00\",\"breadcrumb\":{\"@id\":\"https:\/\/smartcert.ca\/es\/#breadcrumb\"},\"inLanguage\":\"es\",\"potentialAction\":[{\"@type\":\"ReadAction\",\"target\":[\"https:\/\/smartcert.ca\/es\/\"]}]},{\"@type\":\"BreadcrumbList\",\"@id\":\"https:\/\/smartcert.ca\/es\/#breadcrumb\",\"itemListElement\":[{\"@type\":\"ListItem\",\"position\":1,\"name\":\"Home\",\"item\":\"https:\/\/smartcert.ca\/es\/\"},{\"@type\":\"ListItem\",\"position\":2,\"name\":\"Inicio\"}]},{\"@type\":\"WebSite\",\"@id\":\"https:\/\/smartcert.ca\/en\/#website\",\"url\":\"https:\/\/smartcert.ca\/en\/\",\"name\":\"Smart Cert\",\"description\":\"Certification\",\"potentialAction\":[{\"@type\":\"SearchAction\",\"target\":{\"@type\":\"EntryPoint\",\"urlTemplate\":\"https:\/\/smartcert.ca\/en\/?s={search_term_string}\"},\"query-input\":\"required name=search_term_string\"}],\"inLanguage\":\"es\"}]}<\/script>\n<!-- \/ Yoast SEO plugin. -->","yoast_head_json":{"title":"Inicio - Smart Cert","robots":{"index":"index","follow":"follow","max-snippet":"max-snippet:-1","max-image-preview":"max-image-preview:large","max-video-preview":"max-video-preview:-1"},"canonical":"https:\/\/smartcert.ca\/es\/","og_locale":"es_ES","og_type":"article","og_title":"Inicio - Smart Cert","og_description":"[vc_row row_type=\u00bbrow\u00bb use_row_as_full_screen_section=\u00bbno\u00bb type=\u00bbgrid\u00bb text_align=\u00bbleft\u00bb background_image=\u00bb348821&#8243; padding_top=\u00bb104&#8243; box_shadow_on_row=\u00bbno\u00bb][vc_column][no_elements_holder number_of_columns=\u00bbone_column\u00bb][no_elements_holder_item item_padding=\u00bb0px 145px 0px 0px \u00bb aligment=\u00bbleft\u00bb enable_hover_effect=\u00bbno\u00bb advanced_animations=\u00bbno\u00bb elemnts_holder_frame=\u00bbno\u00bb][vc_text_separator title=\u00bbA proposito\u00bb title_size=\u00bb30&#8243; text_in_box=\u00bbno\u00bb text_position=\u00bbleft\u00bb box_padding=\u00bb12&#8243; line_color=\u00bb#dadada\u00bb line_width=\u00bb43&#8243; animation=\u00bbdefault\u00bb line_thickness=\u00bb2&#8243; line_border_style=\u00bbsolid\u00bb up=\u00bb8&#8243; down=\u00bb8&#8243; line_dots=\u00bbno\u00bb title_color=\u00bb#e5735c\u00bb box_margin=\u00bb0&#8243;][vc_separator type=\u00bbtransparent\u00bb up=\u00bb25&#8243; up_style=\u00bbpx\u00bb down=\u00bb0&#8243; down_style=\u00bbpx\u00bb][vc_column_text] Somos una empresa canadiense que ejecuta...","og_url":"https:\/\/smartcert.ca\/es\/","og_site_name":"Smart Cert","article_modified_time":"2022-07-22T17:21:25+00:00","twitter_card":"summary_large_image","twitter_misc":{"Tiempo de lectura":"6 minutos"},"schema":{"@context":"https:\/\/schema.org","@graph":[{"@type":"WebPage","@id":"https:\/\/smartcert.ca\/es\/","url":"https:\/\/smartcert.ca\/es\/","name":"Inicio - Smart Cert","isPartOf":{"@id":"https:\/\/smartcert.ca\/en\/#website"},"datePublished":"2015-07-31T11:35:33+00:00","dateModified":"2022-07-22T17:21:25+00:00","breadcrumb":{"@id":"https:\/\/smartcert.ca\/es\/#breadcrumb"},"inLanguage":"es","potentialAction":[{"@type":"ReadAction","target":["https:\/\/smartcert.ca\/es\/"]}]},{"@type":"BreadcrumbList","@id":"https:\/\/smartcert.ca\/es\/#breadcrumb","itemListElement":[{"@type":"ListItem","position":1,"name":"Home","item":"https:\/\/smartcert.ca\/es\/"},{"@type":"ListItem","position":2,"name":"Inicio"}]},{"@type":"WebSite","@id":"https:\/\/smartcert.ca\/en\/#website","url":"https:\/\/smartcert.ca\/en\/","name":"Smart Cert","description":"Certification","potentialAction":[{"@type":"SearchAction","target":{"@type":"EntryPoint","urlTemplate":"https:\/\/smartcert.ca\/en\/?s={search_term_string}"},"query-input":"required name=search_term_string"}],"inLanguage":"es"}]}},"_links":{"self":[{"href":"https:\/\/smartcert.ca\/es\/wp-json\/wp\/v2\/pages\/348904"}],"collection":[{"href":"https:\/\/smartcert.ca\/es\/wp-json\/wp\/v2\/pages"}],"about":[{"href":"https:\/\/smartcert.ca\/es\/wp-json\/wp\/v2\/types\/page"}],"author":[{"embeddable":true,"href":"https:\/\/smartcert.ca\/es\/wp-json\/wp\/v2\/users\/1"}],"replies":[{"embeddable":true,"href":"https:\/\/smartcert.ca\/es\/wp-json\/wp\/v2\/comments?post=348904"}],"version-history":[{"count":15,"href":"https:\/\/smartcert.ca\/es\/wp-json\/wp\/v2\/pages\/348904\/revisions"}],"predecessor-version":[{"id":349713,"href":"https:\/\/smartcert.ca\/es\/wp-json\/wp\/v2\/pages\/348904\/revisions\/349713"}],"wp:attachment":[{"href":"https:\/\/smartcert.ca\/es\/wp-json\/wp\/v2\/media?parent=348904"}],"curies":[{"name":"wp","href":"https:\/\/api.w.org\/{rel}","templated":true}]}}